{"id":454,"date":"2024-07-16T13:23:32","date_gmt":"2024-07-16T13:23:32","guid":{"rendered":"https:\/\/www.projectful.it\/?page_id=454"},"modified":"2024-07-16T13:23:32","modified_gmt":"2024-07-16T13:23:32","slug":"f-a-q","status":"publish","type":"page","link":"https:\/\/www.projectful.it\/en\/f-a-q\/","title":{"rendered":"F.A.Q."},"content":{"rendered":"<p class=\"has-secondary-color has-text-color has-link-color has-large-font-size wp-elements-4ee14dfac995160fa4b6ad34754ae0d2\"><strong>(Almost) everything you want to know!<\/strong><\/p>\n\n\n\n<div class=\"wp-block-group alignfull has-background-background-color has-background has-global-padding is-layout-constrained wp-container-core-group-is-layout-10 wp-block-group-is-layout-constrained\" style=\"margin-top:0;margin-bottom:0;padding-top:var(--wp--preset--spacing--60);padding-right:var(--wp--preset--spacing--30);padding-bottom:var(--wp--preset--spacing--60);padding-left:var(--wp--preset--spacing--30)\">\n<div class=\"wp-block-columns alignwide is-layout-flex wp-container-core-columns-is-layout-1 wp-block-columns-is-layout-flex\">\n<div class=\"wp-block-column is-layout-flow wp-block-column-is-layout-flow\" style=\"flex-basis:33.33%\">\n<h2 class=\"wp-block-heading has-text-align-left has-text-color has-link-color has-large-font-size wp-elements-ff5e85b45f2d1dccff8e9d843553922f\" style=\"color:#943b9f\">Got questions? Here are the answers.<\/h2>\n\n\n\n<p class=\"has-text-align-left\" style=\"margin-top:16px\">Here are some of the most common questions. If your question isn\u2019t answered or you need more info, please don\u2019t hesitate to get in touch!<\/p>\n<\/div>\n\n\n\n<div class=\"wp-block-column is-layout-flow wp-block-column-is-layout-flow\" style=\"flex-basis:66.66%\">\n<div class=\"wp-block-group is-layout-flow wp-block-group-is-layout-flow\" style=\"border-bottom-color:var(--wp--preset--color--tertiary);border-bottom-width:1px;margin-top:0;padding-top:0;padding-bottom:var(--wp--preset--spacing--30)\">\n<h4 class=\"wp-block-heading has-secondary-color has-text-color has-link-color has-medium-font-size wp-elements-202218a0117c58bb5ab1fbdbd8a74415\">Do you offer a turnkey service?<\/h4>\n\n\n\n<p class=\"has-small-font-size translation-block\" style=\"margin-top:12px\">YES! I will support you from the first contact, through the design of a tailor-made project, to production, assembly, and delivery of the finished product at the trade fair.<\/p>\n<\/div>\n\n\n\n<div class=\"wp-block-group is-layout-flow wp-block-group-is-layout-flow\" style=\"border-bottom-color:var(--wp--preset--color--tertiary);border-bottom-width:1px;margin-top:0;padding-top:var(--wp--preset--spacing--30);padding-bottom:var(--wp--preset--spacing--30)\">\n<h4 class=\"wp-block-heading has-secondary-color has-text-color has-link-color has-medium-font-size wp-elements-8b68b78e262776e0ef340f03bacb86c1\">What is the typical timeframe for completing a project?<\/h4>\n\n\n\n<p class=\"has-small-font-size\" style=\"margin-top:12px\">The timeframe for a project varies based on its complexity and our current workload at the time of your request. <\/p>\n\n\n\n<p class=\"has-small-font-size\" style=\"margin-top:12px\">Usually, I send you the complete offer within a week at most. <strong>Starting early is always the smartest approach!<\/strong><\/p>\n<\/div>\n\n\n\n<div class=\"wp-block-group is-layout-flow wp-block-group-is-layout-flow\" style=\"border-bottom-color:var(--wp--preset--color--tertiary);border-bottom-width:1px;margin-top:0;padding-top:var(--wp--preset--spacing--30);padding-bottom:var(--wp--preset--spacing--30)\">\n<h4 class=\"wp-block-heading has-secondary-color has-text-color has-link-color has-medium-font-size wp-elements-b6183f1c6225472d7c928cf8d2a68342\">Can you transport a pallet of merchandise to the trade fair for me?<\/h4>\n\n\n\n<p class=\"has-small-font-size\" style=\"margin-top:12px\"><strong>This service is frequently offered, but it must be scheduled well ahead of time.<\/strong>The truck\u2019s priority is always the exhibition setup materials, but with enough notice, we can usually accommodate your shipment too.<\/p>\n<\/div>\n\n\n\n<div class=\"wp-block-group is-layout-flow wp-block-group-is-layout-flow\" style=\"margin-top:0;padding-top:var(--wp--preset--spacing--30);padding-bottom:0\">\n<h4 class=\"wp-block-heading has-secondary-color has-text-color has-link-color has-medium-font-size wp-elements-1b4c9029c8914e3855528f51658fb87f\">Who is responsible for the mandatory paperwork?<\/h4>\n\n\n\n<p class=\"has-small-font-size\" style=\"margin-top:12px\"><strong>I\u2019ll take care of it for you. <\/strong><\/p>\n\n\n\n<p class=\"has-small-font-size\" style=\"margin-top:12px\">Once the stand is confirmed, we will go through the entire process of completing the mandatory paperwork required by the trade fair together, and I will take care of submitting the project for approval.<\/p>\n<\/div>\n<\/div>\n\n\n\n<div class=\"wp-block-column is-layout-flow wp-block-column-is-layout-flow\" style=\"flex-basis:66.66%\">\n<div class=\"wp-block-group is-layout-flow wp-block-group-is-layout-flow\" style=\"border-bottom-color:var(--wp--preset--color--tertiary);border-bottom-width:1px;margin-top:0;padding-top:0;padding-bottom:var(--wp--preset--spacing--30)\">\n<h4 class=\"wp-block-heading has-secondary-color has-text-color has-link-color has-medium-font-size wp-elements-ea5c65a6a72560aea9b5682d8af541c8\">I don\u2019t have a graphic designer, what should I do?<\/h4>\n\n\n\n<p class=\"has-small-font-size\" style=\"margin-top:12px\">For your logo and the graphics that will decorate the stand, you need high-resolution and vector files. You\u2019ll need a graphic designer to create these files. <strong>If you don\u2019t have one, I can refer you to someone who offers this service.<\/strong><\/p>\n<\/div>\n\n\n\n<div class=\"wp-block-group is-layout-flow wp-block-group-is-layout-flow\" style=\"border-bottom-color:var(--wp--preset--color--tertiary);border-bottom-width:1px;margin-top:0;padding-top:var(--wp--preset--spacing--30);padding-bottom:var(--wp--preset--spacing--30)\">\n<h4 class=\"wp-block-heading has-secondary-color has-text-color has-link-color has-medium-font-size wp-elements-6f699a48ecfc309d7c3cd6aa054b5c3a\">Who will create the design for my booth?<\/h4>\n\n\n\n<p class=\"has-small-font-size\" style=\"margin-top:12px\">Our team of <strong>architects and interior designers.<\/strong>. <\/p>\n<\/div>\n\n\n\n<div class=\"wp-block-group is-layout-flow wp-block-group-is-layout-flow\" style=\"border-bottom-color:var(--wp--preset--color--tertiary);border-bottom-width:1px;margin-top:0;padding-top:var(--wp--preset--spacing--30);padding-bottom:var(--wp--preset--spacing--30)\">\n<h4 class=\"wp-block-heading has-secondary-color has-text-color has-link-color has-medium-font-size wp-elements-1c03d4096132cb4af350cbb8344e7da5\">What kinds of trade shows do you service?<\/h4>\n\n\n\n<p class=\"has-small-font-size\" style=\"margin-top:12px\"><strong>All industry sectors in Italy and Europe <\/strong>(mainly Germany, France, Spain, and the Netherlands).<\/p>\n<\/div>\n\n\n\n<div class=\"wp-block-group is-layout-flow wp-block-group-is-layout-flow\" style=\"border-bottom-color:var(--wp--preset--color--tertiary);border-bottom-width:1px;margin-top:0;padding-top:var(--wp--preset--spacing--30);padding-bottom:var(--wp--preset--spacing--30)\">\n<h4 class=\"wp-block-heading has-secondary-color has-text-color has-link-color has-medium-font-size wp-elements-2c02d01e30231a29834248bc3bb9d5df\">Is the stand for rent or purchase?<\/h4>\n\n\n\n<p class=\"has-small-font-size\" style=\"margin-top:12px\"><strong>The stand is always rented, unless you have different needs that we will clarify during the briefing phase.<\/strong><\/p>\n\n\n\n<p class=\"has-small-font-size\" style=\"margin-top:12px\">This means that at the end of the trade fair, the materials are refurbished and reused for other stands at different events. Every material has its own lifecycle and circularity, helping to avoid unnecessary waste... nowadays, it\u2019s a must!<\/p>\n\n\n\n<p>...and after a few editions, you might want to change some elements and refresh the look of your stand and the way you present your brand. <strong>Refreshing your image is key to staying current and attractive!<\/strong><\/p>\n<\/div>\n\n\n\n<div class=\"wp-block-group is-layout-flow wp-block-group-is-layout-flow\" style=\"margin-top:0;padding-top:var(--wp--preset--spacing--30);padding-bottom:0\">\n<h4 class=\"wp-block-heading has-secondary-color has-text-color has-link-color has-medium-font-size wp-elements-5836cfd36303753d56fb20080027c29a\">What\u2019s the price for a stand?<\/h4>\n\n\n\n<p class=\"has-small-font-size\" style=\"margin-top:12px\">Each project is unique, making it hard to set a precise price before we have discussed all the details. After our initial briefing, I\u2019ll provide a project proposal outlining the final cost and a summary of all the stages we\u2019ll go through together.<\/p>\n<\/div>\n<\/div>\n<\/div>\n<\/div>","protected":false},"excerpt":{"rendered":"<p>(Quasi) tutto quello che vuoi sapere! Hai domande? Ecco le risposte. Ecco un elenco di alcune delle domande pi\u00f9 frequenti. Se non trovi la risposta che stai cercando o hai bisogno di qualche informazione in pi\u00f9, non esitare a contattarmi! Il servizio \u00e8 chiavi in mano? SI! Ti seguir\u00f2 dal primo contatto, al disegno di &hellip; <\/p>\n<p class=\"link-more\"><a href=\"https:\/\/www.projectful.it\/en\/f-a-q\/\" class=\"more-link\">Read more<span class=\"screen-reader-text\"> &#8220;F.A.Q.&#8221;<\/span><\/a><\/p>","protected":false},"author":1,"featured_media":0,"parent":0,"menu_order":0,"comment_status":"closed","ping_status":"closed","template":"","meta":{"footnotes":""},"class_list":["post-454","page","type-page","status-publish","hentry"],"_links":{"self":[{"href":"https:\/\/www.projectful.it\/en\/wp-json\/wp\/v2\/pages\/454","targetHints":{"allow":["GET"]}}],"collection":[{"href":"https:\/\/www.projectful.it\/en\/wp-json\/wp\/v2\/pages"}],"about":[{"href":"https:\/\/www.projectful.it\/en\/wp-json\/wp\/v2\/types\/page"}],"author":[{"embeddable":true,"href":"https:\/\/www.projectful.it\/en\/wp-json\/wp\/v2\/users\/1"}],"replies":[{"embeddable":true,"href":"https:\/\/www.projectful.it\/en\/wp-json\/wp\/v2\/comments?post=454"}],"version-history":[{"count":4,"href":"https:\/\/www.projectful.it\/en\/wp-json\/wp\/v2\/pages\/454\/revisions"}],"predecessor-version":[{"id":459,"href":"https:\/\/www.projectful.it\/en\/wp-json\/wp\/v2\/pages\/454\/revisions\/459"}],"wp:attachment":[{"href":"https:\/\/www.projectful.it\/en\/wp-json\/wp\/v2\/media?parent=454"}],"curies":[{"name":"wp","href":"https:\/\/api.w.org\/{rel}","templated":true}]}}